{"id":29,"date":"2022-11-03T14:16:05","date_gmt":"2022-11-03T14:16:05","guid":{"rendered":"https:\/\/restart.vini-yoga.de\/?page_id=29"},"modified":"2022-11-11T08:46:15","modified_gmt":"2022-11-11T08:46:15","slug":"viniyoga","status":"publish","type":"page","link":"https:\/\/restart.vini-yoga.de\/index.php\/viniyoga\/","title":{"rendered":"viniyoga"},"content":{"rendered":"<p>[et_pb_section fb_built=&#8220;1&#8243; custom_padding_last_edited=&#8220;on|tablet&#8220; admin_label=&#8220;Header&#8220; _builder_version=&#8220;4.16&#8243; background_color=&#8220;#f9f6f5&#8243; background_image=&#8220;https:\/\/restart.vini-yoga.de\/wp-content\/uploads\/2022\/11\/yoga-instrcutor_79.png&#8220; background_size=&#8220;contain&#8220; background_position=&#8220;top_right&#8220; custom_padding=&#8220;100px|||||&#8220; custom_padding_tablet=&#8220;60px||||false|false&#8220; custom_padding_phone=&#8220;&#8220; global_colors_info=&#8220;{}&#8220;][et_pb_row column_structure=&#8220;1_3,1_3,1_3&#8243; _builder_version=&#8220;4.16&#8243; custom_padding=&#8220;0px||0px||true|false&#8220; global_colors_info=&#8220;{}&#8220;][et_pb_column type=&#8220;1_3&#8243; _builder_version=&#8220;4.16&#8243; z_index=&#8220;10&#8243; custom_padding=&#8220;30px||||false|false&#8220; custom_padding_tablet=&#8220;0px||||false|false&#8220; custom_padding_phone=&#8220;&#8220; custom_padding_last_edited=&#8220;on|tablet&#8220; global_colors_info=&#8220;{}&#8220;][et_pb_text _builder_version=&#8220;4.18.1&#8243; text_font_size=&#8220;24px&#8220; text_line_height=&#8220;2em&#8220; header_font=&#8220;Domine||||||||&#8220; header_font_size=&#8220;70px&#8220; header_line_height=&#8220;1.3em&#8220; text_font_size_tablet=&#8220;18px&#8220; text_font_size_phone=&#8220;16px&#8220; text_font_size_last_edited=&#8220;on|phone&#8220; header_font_size_tablet=&#8220;48px&#8220; header_font_size_phone=&#8220;38px&#8220; header_font_size_last_edited=&#8220;on|phone&#8220; locked=&#8220;off&#8220; global_colors_info=&#8220;{}&#8220;]<\/p>\n<h1>Viniyoga<\/h1>\n<p>[\/et_pb_text][et_pb_text _builder_version=&#8220;4.18.1&#8243; _module_preset=&#8220;default&#8220; width=&#8220;100%&#8220; min_height=&#8220;486.4px&#8220; global_colors_info=&#8220;{}&#8220;]<\/p>\n<p style=\"text-align: justify;\"><img loading=\"lazy\" decoding=\"async\" src=\"https:\/\/restart.vini-yoga.de\/wp-content\/uploads\/2022\/11\/yoga-instructor-icon-7-black.png\" alt=\"\" class=\"wp-image-60 alignnone size-full\" width=\"48\" height=\"48\" \/>Wer sich mit Yoga besch\u00e4ftigt stellt fest, dass bis heute viele verschiedene Yoga-Arten mit unterschiedlichen Namen entstanden sind. Es ist nicht einfach, sich einen \u00dcberblick zu verschaffen und f\u00fcr sich selbst das Richtige zu finden.<br \/>Der beste Weg ist das Ausprobieren um zu sp\u00fcren: F\u00fchle ich mich wohl? Werde ich wahrgenommen? Dient das \u00dcben meinem Ziel? Darf ich Fragen stellen?<br \/>Viniyoga hat sich heute den Bed\u00fcrfnissen der Menschen unserer modernen Zeit und der westlichen Welt angepasst, ohne die Verbindung zu den Wurzeln zu verlieren.<br \/>Vi und ni sind Silben aus dem Altindischen (Sanskrit) und bedeuten etwa auf besondere Weise.<br \/>Yoga soll gut tun und der Gesundheit dienen \u2013 aber nicht jedem tut das Gleiche gut. Verschiedene Kulturen und soziale Hintergr\u00fcnde unterscheiden Menschen ebenso, wie die k\u00f6rperlichen und seelischen Voraussetzungen und der Gesundheitszustand.<\/p>\n<p>[\/et_pb_text][et_pb_button button_url=&#8220;@ET-DC@eyJkeW5hbWljIjp0cnVlLCJjb250ZW50IjoicG9zdF9saW5rX3VybF9wYWdlIiwic2V0dGluZ3MiOnsicG9zdF9pZCI6IjMzIn19@&#8220; url_new_window=&#8220;on&#8220; button_text=&#8220;Kurse&#8220; _builder_version=&#8220;4.18.1&#8243; _dynamic_attributes=&#8220;button_url&#8220; custom_button=&#8220;on&#8220; button_text_size=&#8220;12px&#8220; button_text_color=&#8220;#000000&#8243; button_bg_color=&#8220;#f2b5d1&#8243; button_border_width=&#8220;2px&#8220; button_border_color=&#8220;#24394A&#8220; button_border_radius=&#8220;0px&#8220; button_letter_spacing=&#8220;4px&#8220; button_font=&#8220;|700||on|||||&#8220; custom_padding=&#8220;18px|30px|18px|30px|true|true&#8220; locked=&#8220;off&#8220; global_colors_info=&#8220;{}&#8220;][\/et_pb_button][\/et_pb_column][et_pb_column type=&#8220;1_3&#8243; _builder_version=&#8220;4.18.1&#8243; _module_preset=&#8220;default&#8220; global_colors_info=&#8220;{}&#8220;][\/et_pb_column][et_pb_column type=&#8220;1_3&#8243; _builder_version=&#8220;4.16&#8243; global_colors_info=&#8220;{}&#8220;][et_pb_image src=&#8220;https:\/\/restart.vini-yoga.de\/wp-content\/uploads\/2022\/11\/vini-yoga-wunstorf-viniyoga.jpg&#8220; title_text=&#8220;vini-yoga-wunstorf-viniyoga&#8220; _builder_version=&#8220;4.18.1&#8243; background_enable_color=&#8220;off&#8220; background_enable_image=&#8220;off&#8220; width=&#8220;141.4%&#8220; custom_margin=&#8220;|||-296px|false|false&#8220; custom_margin_tablet=&#8220;|||0px|false|false&#8220; custom_margin_phone=&#8220;&#8220; custom_margin_last_edited=&#8220;on|tablet&#8220; global_colors_info=&#8220;{}&#8220;][\/et_pb_image][\/et_pb_column][\/et_pb_row][\/et_pb_section][et_pb_section fb_built=&#8220;1&#8243; custom_padding_last_edited=&#8220;on|tablet&#8220; admin_label=&#8220;About&#8220; _builder_version=&#8220;4.16&#8243; background_color=&#8220;#f9f6f5&#8243; background_image=&#8220;https:\/\/restart.vini-yoga.de\/wp-content\/uploads\/2022\/11\/yoga-pattern-01-1.png&#8220; background_size=&#8220;initial&#8220; background_position=&#8220;top_left&#8220; background_repeat=&#8220;repeat&#8220; custom_padding=&#8220;122px||122px||true|false&#8220; custom_padding_tablet=&#8220;48px||48px||true|false&#8220; custom_padding_phone=&#8220;&#8220; locked=&#8220;off&#8220; global_colors_info=&#8220;{}&#8220;][et_pb_row column_structure=&#8220;2_3,1_3&#8243; use_custom_gutter=&#8220;on&#8220; gutter_width=&#8220;4&#8243; _builder_version=&#8220;4.16&#8243; background_color=&#8220;#ffffff&#8220; width=&#8220;45%&#8220; width_tablet=&#8220;80%&#8220; width_phone=&#8220;&#8220; width_last_edited=&#8220;on|phone&#8220; max_width=&#8220;600px&#8220; max_width_tablet=&#8220;100%&#8220; max_width_phone=&#8220;&#8220; max_width_last_edited=&#8220;on|tablet&#8220; custom_padding=&#8220;|20px||20px|false|true&#8220; global_colors_info=&#8220;{}&#8220;][et_pb_column type=&#8220;2_3&#8243; _builder_version=&#8220;4.16&#8243; global_colors_info=&#8220;{}&#8220;][et_pb_divider color=&#8220;#000000&#8243; divider_position=&#8220;center&#8220; divider_weight=&#8220;1px&#8220; _builder_version=&#8220;4.18.1&#8243; horizontal_offset=&#8220;0px&#8220; width=&#8220;400px&#8220; module_alignment=&#8220;center&#8220; height=&#8220;10px&#8220; custom_padding=&#8220;|4px||4px|false|true&#8220; scroll_vertical_motion=&#8220;0|50|50|100|-1|0|1&#8243; scroll_horizontal_motion_enable=&#8220;on&#8220; scroll_horizontal_motion=&#8220;0|100|100|100|-2|0|0&#8243; motion_trigger_start=&#8220;top&#8220; box_shadow_style=&#8220;preset7&#8243; box_shadow_horizontal=&#8220;-9px&#8220; box_shadow_vertical=&#8220;0px&#8220; box_shadow_color=&#8220;#000000&#8243; locked=&#8220;off&#8220; global_colors_info=&#8220;{}&#8220;][\/et_pb_divider][et_pb_image src=&#8220;https:\/\/restart.vini-yoga.de\/wp-content\/uploads\/2022\/11\/vini-yoga-wunstorf-sitemap.jpg&#8220; _builder_version=&#8220;4.18.1&#8243; custom_margin=&#8220;48px||-148px|-260px|false|false&#8220; custom_margin_tablet=&#8220;0px|0px|0px|0px|true|true&#8220; custom_margin_phone=&#8220;&#8220; custom_margin_last_edited=&#8220;on|tablet&#8220; border_color_all=&#8220;#e7e0e2&#8243; border_width_bottom=&#8220;120px&#8220; border_width_left=&#8220;240px&#8220; border_width_bottom_tablet=&#8220;30px&#8220; border_width_bottom_phone=&#8220;&#8220; border_width_bottom_last_edited=&#8220;on|tablet&#8220; border_width_left_tablet=&#8220;30px&#8220; border_width_left_phone=&#8220;&#8220; border_width_left_last_edited=&#8220;on|phone&#8220; locked=&#8220;off&#8220; global_colors_info=&#8220;{}&#8220;][\/et_pb_image][\/et_pb_column][et_pb_column type=&#8220;1_3&#8243; _builder_version=&#8220;4.16&#8243; global_colors_info=&#8220;{}&#8220;][et_pb_text _builder_version=&#8220;4.18.1&#8243; text_line_height=&#8220;2.7em&#8220; text_orientation=&#8220;justified&#8220; custom_margin=&#8220;|-260px||60px|false|false&#8220; custom_margin_tablet=&#8220;|0px||0px|false|false&#8220; custom_margin_phone=&#8220;&#8220; custom_margin_last_edited=&#8220;on|tablet&#8220; locked=&#8220;off&#8220; global_colors_info=&#8220;{}&#8220;]<\/p>\n<p><img loading=\"lazy\" decoding=\"async\" src=\"https:\/\/restart.vini-yoga.de\/wp-content\/uploads\/2022\/11\/yoga-instructor-icon-2-black.png\" alt=\"\" class=\"wp-image-61 alignnone size-full\" width=\"48\" height=\"48\" \/>Viniyoga respektiert die Unterschiedlichkeit der Menschen, ist ein besonderes Umgehen mit Yoga. Die \u00dcbungen k\u00f6nnen den M\u00f6glichkeiten und Bed\u00fcrfnissen des Einzelnen angepasst werden, indem verschiedene Varianten genutzt werden.<br \/>Ein Beispiel: Man muss nicht im Lotussitz und auf dem Boden sitzen um eine Atem\u00fcbung auszuf\u00fchren, oder zu meditieren. Auf einem Kissen oder einem Stuhl f\u00fchlen sich viele Menschen wohler, sitzen ohne Anspannung und Schmerzen und k\u00f6nnen sich besser konzentrieren.<br \/>Spektakul\u00e4re Verrenkungen und qualvolles Durchhalten sind nicht das Ziel. Es gibt keine religi\u00f6sen oder esoterische Inhalte an die man sich anpassen muss. Unpassendes \u00dcben kann auch Schaden verursachen.<br \/>Der Weg des Viniyoga ist offen und l\u00e4sst Raum f\u00fcr die eigene k\u00f6rperliche und seelische Wahrnehmung und Entwicklung und f\u00fchrt uns so zu mehr Klarheit und Lebensfreude.<br \/>Der bedeutende indische Yogi und Ayurveda-Arzt T. Krishnamacharya (1888-1989) begr\u00fcndete dieses besondere Konzept des Yoga\u00fcbens. Sein Sohn T.K.V. Desikachar und sein Enkel Kausthub f\u00fchren dies heute in Chennai in Indien weiter (Krishnamacharya Healing and Yoga Foundation \u2013 KHYF)<\/p>\n<p>[\/et_pb_text][\/et_pb_column][\/et_pb_row][\/et_pb_section][et_pb_section fb_built=&#8220;1&#8243; admin_label=&#8220;Classes&#8220; _builder_version=&#8220;4.18.1&#8243; background_color=&#8220;#f9f6f5&#8243; background_image=&#8220;https:\/\/restart.vini-yoga.de\/wp-content\/uploads\/2022\/11\/yoga-tile-03.png&#8220; background_size=&#8220;initial&#8220; background_position=&#8220;bottom_center&#8220; custom_padding=&#8220;||0px|||&#8220; global_colors_info=&#8220;{}&#8220;][et_pb_row column_structure=&#8220;1_2,1_2&#8243; _builder_version=&#8220;4.16&#8243; z_index=&#8220;10&#8243; custom_padding=&#8220;||0px|||&#8220; locked=&#8220;off&#8220; global_colors_info=&#8220;{}&#8220;][et_pb_column type=&#8220;1_2&#8243; _builder_version=&#8220;4.16&#8243; custom_padding_tablet=&#8220;|||0px|false|false&#8220; custom_padding_last_edited=&#8220;off|desktop&#8220; global_colors_info=&#8220;{}&#8220;][et_pb_text _builder_version=&#8220;4.18.1&#8243; header_2_font=&#8220;Domine||||||||&#8220; header_2_font_size=&#8220;60px&#8220; header_2_line_height=&#8220;1.3em&#8220; text_orientation=&#8220;right&#8220; header_2_font_size_tablet=&#8220;45px&#8220; header_2_font_size_phone=&#8220;35px&#8220; header_2_font_size_last_edited=&#8220;on|desktop&#8220; text_orientation_tablet=&#8220;left&#8220; text_orientation_phone=&#8220;&#8220; text_orientation_last_edited=&#8220;on|phone&#8220; locked=&#8220;off&#8220; global_colors_info=&#8220;{}&#8220;]<\/p>\n<h2>Unsere Stunden<\/h2>\n<p>[\/et_pb_text][\/et_pb_column][et_pb_column type=&#8220;1_2&#8243; _builder_version=&#8220;4.16&#8243; custom_padding_tablet=&#8220;&#8220; custom_padding_phone=&#8220;60px||||false|false&#8220; custom_padding_last_edited=&#8220;on|desktop&#8220; global_colors_info=&#8220;{}&#8220;][et_pb_divider color=&#8220;#000000&#8243; divider_position=&#8220;bottom&#8220; divider_weight=&#8220;400px&#8220; disabled_on=&#8220;on|on|off&#8220; _builder_version=&#8220;4.16&#8243; positioning=&#8220;absolute&#8220; position_origin_a=&#8220;top_center&#8220; width=&#8220;1px&#8220; height=&#8220;500px&#8220; custom_margin=&#8220;||||false|false&#8220; custom_padding=&#8220;|4px||4px|false|true&#8220; scroll_vertical_motion_enable=&#8220;on&#8220; scroll_vertical_motion=&#8220;0|100|100|100|-5|0|0&#8243; box_shadow_style=&#8220;preset7&#8243; box_shadow_horizontal=&#8220;0px&#8220; box_shadow_vertical=&#8220;-9px&#8220; box_shadow_color=&#8220;#000000&#8243; locked=&#8220;off&#8220; global_colors_info=&#8220;{}&#8220;][\/et_pb_divider][\/et_pb_column][\/et_pb_row][et_pb_row column_structure=&#8220;1_3,1_3,1_3&#8243; _builder_version=&#8220;4.16&#8243; custom_padding=&#8220;0px||0px||true|false&#8220; global_colors_info=&#8220;{}&#8220;][et_pb_column type=&#8220;1_3&#8243; _builder_version=&#8220;4.16&#8243; custom_padding=&#8220;60px||60px||true|false&#8220; custom_padding_tablet=&#8220;||||true|false&#8220; custom_padding_phone=&#8220;30px||30px||true|false&#8220; custom_padding_last_edited=&#8220;on|phone&#8220; global_colors_info=&#8220;{}&#8220;][et_pb_blurb title=&#8220;Gruppenunterricht&#8220; image=&#8220;https:\/\/restart.vini-yoga.de\/wp-content\/uploads\/2022\/11\/yoga-instructor-icon-12-black.png&#8220; icon_alignment=&#8220;left&#8220; content_max_width=&#8220;100%&#8220; _builder_version=&#8220;4.18.1&#8243; header_level=&#8220;h3&#8243; header_font=&#8220;Domine||||||||&#8220; header_font_size=&#8220;24px&#8220; header_line_height=&#8220;1.4em&#8220; body_line_height=&#8220;2em&#8220; header_font_size_tablet=&#8220;&#8220; header_font_size_phone=&#8220;20px&#8220; header_font_size_last_edited=&#8220;on|phone&#8220; locked=&#8220;off&#8220; global_colors_info=&#8220;{}&#8220;][\/et_pb_blurb][et_pb_button button_url=&#8220;@ET-DC@eyJkeW5hbWljIjp0cnVlLCJjb250ZW50IjoicG9zdF9saW5rX3VybF9wYWdlIiwic2V0dGluZ3MiOnsicG9zdF9pZCI6IjMzIn19@&#8220; url_new_window=&#8220;on&#8220; button_text=&#8220;Preise&#8220; button_alignment=&#8220;left&#8220; _builder_version=&#8220;4.18.1&#8243; _dynamic_attributes=&#8220;button_url&#8220; custom_button=&#8220;on&#8220; button_text_size=&#8220;12px&#8220; button_text_color=&#8220;#000000&#8243; button_bg_color=&#8220;#f2b5d1&#8243; button_border_width=&#8220;2px&#8220; button_border_radius=&#8220;0px&#8220; button_letter_spacing=&#8220;4px&#8220; button_font=&#8220;|700||on|||||&#8220; custom_padding=&#8220;|||0px|false|false&#8220; locked=&#8220;off&#8220; global_colors_info=&#8220;{}&#8220;][\/et_pb_button][\/et_pb_column][et_pb_column type=&#8220;1_3&#8243; _builder_version=&#8220;4.16&#8243; custom_padding=&#8220;100px||||false|false&#8220; custom_padding_tablet=&#8220;0px||0px||false|false&#8220; custom_padding_phone=&#8220;0px|||0px|false|false&#8220; custom_padding_last_edited=&#8220;on|desktop&#8220; global_colors_info=&#8220;{}&#8220;][et_pb_blurb title=&#8220;Einzelunterricht&#8220; image=&#8220;https:\/\/restart.vini-yoga.de\/wp-content\/uploads\/2022\/11\/yoga-instructor-icon-5-black.png&#8220; icon_alignment=&#8220;left&#8220; content_max_width=&#8220;100%&#8220; _builder_version=&#8220;4.18.1&#8243; header_level=&#8220;h3&#8243; header_font=&#8220;Domine||||||||&#8220; header_font_size=&#8220;24px&#8220; header_line_height=&#8220;1.4em&#8220; body_line_height=&#8220;2em&#8220; header_font_size_tablet=&#8220;&#8220; header_font_size_phone=&#8220;20px&#8220; header_font_size_last_edited=&#8220;on|phone&#8220; locked=&#8220;off&#8220; global_colors_info=&#8220;{}&#8220;][\/et_pb_blurb][et_pb_button button_url=&#8220;@ET-DC@eyJkeW5hbWljIjp0cnVlLCJjb250ZW50IjoicG9zdF9saW5rX3VybF9wYWdlIiwic2V0dGluZ3MiOnsicG9zdF9pZCI6IjMzIn19@&#8220; url_new_window=&#8220;on&#8220; button_text=&#8220;Preise&#8220; button_alignment=&#8220;left&#8220; _builder_version=&#8220;4.18.1&#8243; _dynamic_attributes=&#8220;button_url&#8220; custom_button=&#8220;on&#8220; button_text_size=&#8220;12px&#8220; button_text_color=&#8220;#000000&#8243; button_bg_color=&#8220;#f2b5d1&#8243; button_border_width=&#8220;2px&#8220; button_border_radius=&#8220;0px&#8220; button_letter_spacing=&#8220;4px&#8220; button_font=&#8220;|700||on|||||&#8220; custom_padding=&#8220;|||0px|false|false&#8220; locked=&#8220;off&#8220; global_colors_info=&#8220;{}&#8220;][\/et_pb_button][\/et_pb_column][et_pb_column type=&#8220;1_3&#8243; _builder_version=&#8220;4.16&#8243; global_colors_info=&#8220;{}&#8220;][et_pb_image src=&#8220;https:\/\/restart.vini-yoga.de\/wp-content\/uploads\/2022\/11\/vini-yoga-wunstorf-preise.jpg&#8220; _builder_version=&#8220;4.18.1&#8243; custom_margin=&#8220;||0px||false|false&#8220; locked=&#8220;off&#8220; global_colors_info=&#8220;{}&#8220;][\/et_pb_image][\/et_pb_column][\/et_pb_row][\/et_pb_section][et_pb_section fb_built=&#8220;1&#8243; admin_label=&#8220;Footer&#8220; _builder_version=&#8220;4.18.1&#8243; background_color=&#8220;#f2b5d1&#8243; background_image=&#8220;https:\/\/restart.vini-yoga.de\/wp-content\/uploads\/2022\/11\/yoga-tile-02.png&#8220; background_size=&#8220;initial&#8220; background_position=&#8220;top_left&#8220; background_repeat=&#8220;repeat&#8220; custom_padding=&#8220;0px||0px||false|false&#8220; locked=&#8220;off&#8220; global_colors_info=&#8220;{}&#8220;][et_pb_row column_structure=&#8220;1_5,1_5,1_5,1_5,1_5&#8243; _builder_version=&#8220;4.18.1&#8243; global_colors_info=&#8220;{}&#8220;][et_pb_column type=&#8220;1_5&#8243; _builder_version=&#8220;4.16&#8243; global_colors_info=&#8220;{}&#8220;][et_pb_text _builder_version=&#8220;4.18.1&#8243; text_text_color=&#8220;rgba(255,255,255,0.7)&#8220; text_line_height=&#8220;2em&#8220; link_text_color=&#8220;#ffffff&#8220; header_6_font=&#8220;Domine|700|||||||&#8220; header_6_text_color=&#8220;#ffffff&#8220; header_6_font_size=&#8220;18px&#8220; header_6_line_height=&#8220;2em&#8220; background_layout=&#8220;dark&#8220; locked=&#8220;off&#8220; global_colors_info=&#8220;{}&#8220;]<\/p>\n<h6>E-Mail<\/h6>\n<p><a href=\"#\">jana@viniyoga-wunstorf.de<br \/><\/a><\/p>\n<p>[\/et_pb_text][\/et_pb_column][et_pb_column type=&#8220;1_5&#8243; _builder_version=&#8220;4.16&#8243; global_colors_info=&#8220;{}&#8220;][et_pb_text _builder_version=&#8220;4.18.1&#8243; text_text_color=&#8220;rgba(255,255,255,0.7)&#8220; text_line_height=&#8220;2em&#8220; header_6_font=&#8220;Domine|700|||||||&#8220; header_6_text_color=&#8220;#ffffff&#8220; header_6_font_size=&#8220;18px&#8220; header_6_line_height=&#8220;2em&#8220; background_layout=&#8220;dark&#8220; locked=&#8220;off&#8220; global_colors_info=&#8220;{}&#8220;]<\/p>\n<h6>Addresse<\/h6>\n<p>Lange Stra\u00dfe 31<br \/>31515 Wunstorf<\/p>\n<p>[\/et_pb_text][\/et_pb_column][et_pb_column type=&#8220;1_5&#8243; _builder_version=&#8220;4.18.1&#8243; _module_preset=&#8220;default&#8220; global_colors_info=&#8220;{}&#8220;][et_pb_text _builder_version=&#8220;4.16&#8243; text_text_color=&#8220;rgba(255,255,255,0.7)&#8220; text_line_height=&#8220;2em&#8220; header_6_font=&#8220;Domine|700|||||||&#8220; header_6_text_color=&#8220;#ffffff&#8220; header_6_font_size=&#8220;18px&#8220; header_6_line_height=&#8220;2em&#8220; background_layout=&#8220;dark&#8220; locked=&#8220;off&#8220; global_colors_info=&#8220;{}&#8220;]<\/p>\n<h6>Telefon<\/h6>\n<p>+49 151 418 05285<\/p>\n<p>[\/et_pb_text][\/et_pb_column][et_pb_column type=&#8220;1_5&#8243; _builder_version=&#8220;4.18.1&#8243; _module_preset=&#8220;default&#8220; global_colors_info=&#8220;{}&#8220;][et_pb_text _builder_version=&#8220;4.18.1&#8243; text_text_color=&#8220;rgba(255,255,255,0.7)&#8220; text_line_height=&#8220;2em&#8220; header_6_font=&#8220;Domine|700|||||||&#8220; header_6_text_color=&#8220;#ffffff&#8220; header_6_font_size=&#8220;18px&#8220; header_6_line_height=&#8220;2em&#8220; background_layout=&#8220;dark&#8220; hover_enabled=&#8220;0&#8243; locked=&#8220;off&#8220; global_colors_info=&#8220;{}&#8220; link_option_url=&#8220;@ET-DC@eyJkeW5hbWljIjp0cnVlLCJjb250ZW50IjoicG9zdF9saW5rX3VybF9wYWdlIiwic2V0dGluZ3MiOnsicG9zdF9pZCI6IjE5MiJ9fQ==@&#8220; _dynamic_attributes=&#8220;link_option_url&#8220; sticky_enabled=&#8220;0&#8243;]<\/p>\n<h6>Datenschutz<\/h6>\n<p>&nbsp;<\/p>\n<p>[\/et_pb_text][\/et_pb_column][et_pb_column type=&#8220;1_5&#8243; _builder_version=&#8220;4.18.1&#8243; _module_preset=&#8220;default&#8220; global_colors_info=&#8220;{}&#8220;][et_pb_text _builder_version=&#8220;4.18.1&#8243; text_text_color=&#8220;rgba(255,255,255,0.7)&#8220; text_line_height=&#8220;2em&#8220; header_6_font=&#8220;Domine|700|||||||&#8220; header_6_text_color=&#8220;#ffffff&#8220; header_6_font_size=&#8220;18px&#8220; header_6_line_height=&#8220;2em&#8220; background_layout=&#8220;dark&#8220; hover_enabled=&#8220;0&#8243; locked=&#8220;off&#8220; global_colors_info=&#8220;{}&#8220; link_option_url=&#8220;@ET-DC@eyJkeW5hbWljIjp0cnVlLCJjb250ZW50IjoicG9zdF9saW5rX3VybF9wYWdlIiwic2V0dGluZ3MiOnsicG9zdF9pZCI6IjE5OSJ9fQ==@&#8220; _dynamic_attributes=&#8220;link_option_url&#8220; sticky_enabled=&#8220;0&#8243;]<\/p>\n<h6>Impressum<\/h6>\n<p>&nbsp;<\/p>\n<p>[\/et_pb_text][\/et_pb_column][\/et_pb_row][\/et_pb_section]<\/p>\n","protected":false},"excerpt":{"rendered":"<p>ViniyogaWer sich mit Yoga besch\u00e4ftigt stellt fest, dass bis heute viele verschiedene Yoga-Arten mit unterschiedlichen Namen entstanden sind. Es ist nicht einfach, sich einen \u00dcberblick zu verschaffen und f\u00fcr sich selbst das Richtige zu finden.Der beste Weg ist das Ausprobieren um zu sp\u00fcren: F\u00fchle ich mich wohl? Werde ich wahrgenommen? Dient das \u00dcben meinem Ziel? [&hellip;]<\/p>\n","protected":false},"author":1,"featured_media":0,"parent":0,"menu_order":0,"comment_status":"closed","ping_status":"closed","template":"","meta":{"_et_pb_use_builder":"on","_et_pb_old_content":"<!-- wp:divi\/placeholder \/-->","_et_gb_content_width":"","footnotes":""},"class_list":["post-29","page","type-page","status-publish","hentry"],"_links":{"self":[{"href":"https:\/\/restart.vini-yoga.de\/index.php\/wp-json\/wp\/v2\/pages\/29","targetHints":{"allow":["GET"]}}],"collection":[{"href":"https:\/\/restart.vini-yoga.de\/index.php\/wp-json\/wp\/v2\/pages"}],"about":[{"href":"https:\/\/restart.vini-yoga.de\/index.php\/wp-json\/wp\/v2\/types\/page"}],"author":[{"embeddable":true,"href":"https:\/\/restart.vini-yoga.de\/index.php\/wp-json\/wp\/v2\/users\/1"}],"replies":[{"embeddable":true,"href":"https:\/\/restart.vini-yoga.de\/index.php\/wp-json\/wp\/v2\/comments?post=29"}],"version-history":[{"count":12,"href":"https:\/\/restart.vini-yoga.de\/index.php\/wp-json\/wp\/v2\/pages\/29\/revisions"}],"predecessor-version":[{"id":206,"href":"https:\/\/restart.vini-yoga.de\/index.php\/wp-json\/wp\/v2\/pages\/29\/revisions\/206"}],"wp:attachment":[{"href":"https:\/\/restart.vini-yoga.de\/index.php\/wp-json\/wp\/v2\/media?parent=29"}],"curies":[{"name":"wp","href":"https:\/\/api.w.org\/{rel}","templated":true}]}}